{"id":5504,"date":"2025-06-05T21:34:29","date_gmt":"2025-06-05T21:34:29","guid":{"rendered":"https:\/\/xn--saumendi-e3a.com\/?page_id=5504"},"modified":"2025-06-05T21:40:02","modified_gmt":"2025-06-05T21:40:02","slug":"sanu-mendi-haitz","status":"publish","type":"page","link":"https:\/\/xn--saumendi-e3a.com\/?page_id=5504","title":{"rendered":"Sa\u00f1u Mendi Haitz"},"content":{"rendered":"\t\t<div data-elementor-type=\"wp-page\" data-elementor-id=\"5504\" class=\"elementor elementor-5504\">\n\t\t\t\t\t\t<section class=\"elementor-section elementor-top-section elementor-element elementor-element-e81bee6 elementor-section-full_width elementor-section-height-default elementor-section-height-default\" data-id=\"e81bee6\" data-element_type=\"section\">\n\t\t\t\t\t\t<div class=\"elementor-container elementor-column-gap-no\">\n\t\t\t\t\t<div class=\"elementor-column elementor-col-100 elementor-top-column elementor-element elementor-element-14c63c2\" data-id=\"14c63c2\" data-element_type=\"column\">\n\t\t\t<div class=\"elementor-widget-wrap elementor-element-populated\">\n\t\t\t\t\t\t<section class=\"elementor-section elementor-inner-section elementor-element elementor-element-12212f0 elementor-section-full_width elementor-section-height-default elementor-section-height-default\" data-id=\"12212f0\" data-element_type=\"section\">\n\t\t\t\t\t\t<div class=\"elementor-container elementor-column-gap-no\">\n\t\t\t\t\t<div class=\"elementor-column elementor-col-100 elementor-inner-column elementor-element elementor-element-79479af\" data-id=\"79479af\" data-element_type=\"column\">\n\t\t\t<div class=\"elementor-widget-wrap elementor-element-populated\">\n\t\t\t\t\t\t<div class=\"elementor-element elementor-element-4326ef4 elementor-widget elementor-widget-naturoteammemberinfo\" data-id=\"4326ef4\" data-element_type=\"widget\" data-widget_type=\"naturoteammemberinfo.default\">\n\t\t\t\t<div class=\"elementor-widget-container\">\n\t\t\t\t\t<!-----------------------Start Team Member Info Area-----------------------><section class=\"vs-team-wrapper team-details\"><div class=\"container\"><div class=\"row gx-0 mb-5 align-items-center\"><div class=\"col-lg-5\"><div class=\"team-img\"><img decoding=\"async\" src=\"https:\/\/xn--saumendi-e3a.com\/wp-content\/uploads\/2025\/01\/haitz.jpeg\" alt=\"haitz\"  class=\"w-100\" \/><\/div><\/div><div class=\"col-lg-7\"><div class=\"team-info\"><span class=\"degi text-theme\">Excelente reproductor<\/span><h2 class=\"name mb-3\">Sa\u00f1u Mendi Haitz<\/h2><p class=\"desc fs-md\">Joven setter ingl\u00e9s con gen\u00e9tica de calidad y gran proyecci\u00f3n. Muestra instinto, estilo y una prometedora evoluci\u00f3n en el campo.<\/p><div class=\"row\"><div class=\"col-md-7 col-lg-9 col-xxl-8\"><table class=\"team-info-table mt-sm-2\"><tbody><tr><td><i class=\"fa fa-mars-stroke\"><\/i><strong>M\/H:<\/strong><\/td><td>Macho<\/td><\/tr><tr><td><i class=\"fa fa-birthday-cake\"><\/i><strong>Fecha nacimiento:<\/strong><\/td><td>14\/08\/2020<\/td><\/tr><\/tbody><\/table><\/div><\/div><div class=\"team-socials\"><h3 class=\"h6 title\">Link:<\/h3><div class=\"vs-social-group\"><a href=\"https:\/\/pedigree.setter-anglais.fr\/genealogie\/arbre.php?id=176196&#038;fn=pedigree&#038;rq=HAITZ+SA%C3%91U+MENDI\"><svg aria-hidden=\"true\" class=\"e-font-icon-svg e-fab-google-play\" viewBox=\"0 0 512 512\" xmlns=\"http:\/\/www.w3.org\/2000\/svg\"><path d=\"M325.3 234.3L104.6 13l280.8 161.2-60.1 60.1zM47 0C34 6.8 25.3 19.2 25.3 35.3v441.3c0 16.1 8.7 28.5 21.7 35.3l256.6-256L47 0zm425.2 225.6l-58.9-34.1-65.7 64.5 65.7 64.5 60.1-34.1c18-14.3 18-46.5-1.2-60.8zM104.6 499l280.8-161.2-60.1-60.1L104.6 499z\"><\/path><\/svg><\/a><\/div><\/div><\/div><\/div><\/div><\/div><\/section><!-----------------------End Team Member Info Area----------------------->\t\t\t\t<\/div>\n\t\t\t\t<\/div>\n\t\t\t\t\t<\/div>\n\t\t<\/div>\n\t\t\t\t\t<\/div>\n\t\t<\/section>\n\t\t\t\t<section class=\"elementor-section elementor-inner-section elementor-element elementor-element-f600dd0 elementor-section-boxed elementor-section-height-default elementor-section-height-default\" data-id=\"f600dd0\" data-element_type=\"section\">\n\t\t\t\t\t\t<div class=\"elementor-container elementor-column-gap-no\">\n\t\t\t\t\t<div class=\"elementor-column elementor-col-100 elementor-inner-column elementor-element elementor-element-542cf61\" data-id=\"542cf61\" data-element_type=\"column\">\n\t\t\t<div class=\"elementor-widget-wrap elementor-element-populated\">\n\t\t\t\t\t\t<div class=\"elementor-element elementor-element-e109bde border-title2 elementor-widget elementor-widget-heading\" data-id=\"e109bde\" data-element_type=\"widget\" data-widget_type=\"heading.default\">\n\t\t\t\t<div class=\"elementor-widget-container\">\n\t\t\t\t\t<h2 class=\"elementor-heading-title elementor-size-default\">Caracteristicas<\/h2>\t\t\t\t<\/div>\n\t\t\t\t<\/div>\n\t\t\t\t<div class=\"elementor-element elementor-element-81e520b elementor-widget elementor-widget-text-editor\" data-id=\"81e520b\" data-element_type=\"widget\" data-widget_type=\"text-editor.default\">\n\t\t\t\t<div class=\"elementor-widget-container\">\n\t\t\t\t\t\t\t\t\t<p data-start=\"334\" data-end=\"611\">Este joven macho setter ingl\u00e9s comienza a destacar con fuerza por su actitud, temple y notable instinto cazador. Tiene una b\u00fasqueda amplia, ordenada y con una clara intenci\u00f3n de trabajo. A pesar de su juventud, ya muestra paradas firmes y una conexi\u00f3n natural con el cazador.<\/p><p data-start=\"613\" data-end=\"915\">Proviene de l\u00edneas contrastadas, lo que se refleja en su estructura equilibrada y car\u00e1cter estable. Va creciendo con seguridad y constancia, mostrando cualidades que apuntan a un futuro brillante tanto en el campo como en la cr\u00eda. Su estilo elegante y su disposici\u00f3n al aprendizaje lo hacen destacar.<\/p><p data-start=\"917\" data-end=\"1004\">Un perro joven con todo lo necesario para convertirse en un gran cazador y reproductor.<\/p>\t\t\t\t\t\t\t\t<\/div>\n\t\t\t\t<\/div>\n\t\t\t\t\t<\/div>\n\t\t<\/div>\n\t\t\t\t\t<\/div>\n\t\t<\/section>\n\t\t\t\t<section class=\"elementor-section elementor-inner-section elementor-element elementor-element-e4f048f elementor-section-boxed elementor-section-height-default elementor-section-height-default\" data-id=\"e4f048f\" data-element_type=\"section\">\n\t\t\t\t\t\t<div class=\"elementor-container elementor-column-gap-no\">\n\t\t\t\t\t<div class=\"elementor-column elementor-col-33 elementor-inner-column elementor-element elementor-element-e1172a3\" data-id=\"e1172a3\" data-element_type=\"column\">\n\t\t\t<div class=\"elementor-widget-wrap elementor-element-populated\">\n\t\t\t\t\t\t<div class=\"elementor-element elementor-element-d0d4b82 elementor-widget elementor-widget-text-editor\" data-id=\"d0d4b82\" data-element_type=\"widget\" data-widget_type=\"text-editor.default\">\n\t\t\t\t<div class=\"elementor-widget-container\">\n\t\t\t\t\t\t\t\t\t<ul><li data-start=\"1053\" data-end=\"1092\"><p data-start=\"1056\" data-end=\"1092\"><strong data-start=\"1056\" data-end=\"1090\">Gen\u00e9tica s\u00f3lida y equilibrada.<\/strong><\/p><\/li><li data-start=\"1093\" data-end=\"1138\"><p data-start=\"1096\" data-end=\"1138\"><strong data-start=\"1096\" data-end=\"1136\">Instinto cazador en plena evoluci\u00f3n.<\/strong><\/p><\/li><li data-start=\"1139\" data-end=\"1183\"><p data-start=\"1142\" data-end=\"1183\"><strong data-start=\"1142\" data-end=\"1181\">Gran proyecci\u00f3n como perro de caza.<\/strong><\/p><\/li><li data-start=\"1184\" data-end=\"1230\"><p data-start=\"1187\" data-end=\"1230\"><strong data-start=\"1187\" data-end=\"1228\">Paradas firmes y actitud prometedora.<\/strong><\/p><\/li><li data-start=\"1231\" data-end=\"1279\"><p data-start=\"1234\" data-end=\"1279\"><strong data-start=\"1234\" data-end=\"1279\">Elegante, atento y con ganas de trabajar.<\/strong><\/p><\/li><\/ul>\t\t\t\t\t\t\t\t<\/div>\n\t\t\t\t<\/div>\n\t\t\t\t\t<\/div>\n\t\t<\/div>\n\t\t\t\t<div class=\"elementor-column elementor-col-33 elementor-inner-column elementor-element elementor-element-a338eb6\" data-id=\"a338eb6\" data-element_type=\"column\">\n\t\t\t<div class=\"elementor-widget-wrap\">\n\t\t\t\t\t\t\t<\/div>\n\t\t<\/div>\n\t\t\t\t<div class=\"elementor-column elementor-col-33 elementor-inner-column elementor-element elementor-element-2e48250\" data-id=\"2e48250\" data-element_type=\"column\">\n\t\t\t<div class=\"elementor-widget-wrap\">\n\t\t\t\t\t\t\t<\/div>\n\t\t<\/div>\n\t\t\t\t\t<\/div>\n\t\t<\/section>\n\t\t\t\t<section class=\"elementor-section elementor-inner-section elementor-element elementor-element-f22be2d elementor-section-boxed elementor-section-height-default elementor-section-height-default\" data-id=\"f22be2d\" data-element_type=\"section\">\n\t\t\t\t\t\t<div class=\"elementor-container elementor-column-gap-no\">\n\t\t\t\t\t<div class=\"elementor-column elementor-col-100 elementor-inner-column elementor-element elementor-element-9299420\" data-id=\"9299420\" data-element_type=\"column\">\n\t\t\t<div class=\"elementor-widget-wrap elementor-element-populated\">\n\t\t\t\t\t\t<div class=\"elementor-element elementor-element-53a60e6 elementor-widget elementor-widget-text-editor\" data-id=\"53a60e6\" data-element_type=\"widget\" data-widget_type=\"text-editor.default\">\n\t\t\t\t<div class=\"elementor-widget-container\">\n\t\t\t\t\t\t\t\t\t<p>Un joven con futuro: lo tiene en la sangre y lo demuestra en cada salida al campo.<\/p>\t\t\t\t\t\t\t\t<\/div>\n\t\t\t\t<\/div>\n\t\t\t\t\t<\/div>\n\t\t<\/div>\n\t\t\t\t\t<\/div>\n\t\t<\/section>\n\t\t\t\t<section class=\"elementor-section elementor-inner-section elementor-element elementor-element-a590fca elementor-section-boxed elementor-section-height-default elementor-section-height-default\" data-id=\"a590fca\" data-element_type=\"section\">\n\t\t\t\t\t\t<div class=\"elementor-container elementor-column-gap-no\">\n\t\t\t\t\t<div class=\"elementor-column elementor-col-33 elementor-inner-column elementor-element elementor-element-e5f3f15\" data-id=\"e5f3f15\" data-element_type=\"column\">\n\t\t\t<div class=\"elementor-widget-wrap elementor-element-populated\">\n\t\t\t\t\t\t<div class=\"elementor-element elementor-element-d7472f9 elementor-widget elementor-widget-naturomegahover\" data-id=\"d7472f9\" data-element_type=\"widget\" data-widget_type=\"naturomegahover.default\">\n\t\t\t\t<div class=\"elementor-widget-container\">\n\t\t\t\t\t<div class=\"mega-img-box\"><div class=\"img-1\"><div class=\"mega-hover\"><img decoding=\"async\" src=\"https:\/\/xn--saumendi-e3a.com\/wp-content\/uploads\/2024\/12\/facebook_1735158628334_7277782775458143646.jpg\" alt=\"facebook_1735158628334_7277782775458143646\"  class=\"w-100\" \/><\/div><\/div><\/div>\t\t\t\t<\/div>\n\t\t\t\t<\/div>\n\t\t\t\t\t<\/div>\n\t\t<\/div>\n\t\t\t\t<div class=\"elementor-column elementor-col-33 elementor-inner-column elementor-element elementor-element-4a80398\" data-id=\"4a80398\" data-element_type=\"column\">\n\t\t\t<div class=\"elementor-widget-wrap elementor-element-populated\">\n\t\t\t\t\t\t<div class=\"elementor-element elementor-element-d2333af elementor-widget elementor-widget-naturomegahover\" data-id=\"d2333af\" data-element_type=\"widget\" data-widget_type=\"naturomegahover.default\">\n\t\t\t\t<div class=\"elementor-widget-container\">\n\t\t\t\t\t<div class=\"mega-img-box\"><div class=\"img-1\"><div class=\"mega-hover\"><img decoding=\"async\" src=\"https:\/\/xn--saumendi-e3a.com\/wp-content\/uploads\/2024\/12\/facebook_1735158628334_7277782775458143646.jpg\" alt=\"facebook_1735158628334_7277782775458143646\"  class=\"w-100\" \/><\/div><\/div><\/div>\t\t\t\t<\/div>\n\t\t\t\t<\/div>\n\t\t\t\t\t<\/div>\n\t\t<\/div>\n\t\t\t\t<div class=\"elementor-column elementor-col-33 elementor-inner-column elementor-element elementor-element-d1221ee\" data-id=\"d1221ee\" data-element_type=\"column\">\n\t\t\t<div class=\"elementor-widget-wrap elementor-element-populated\">\n\t\t\t\t\t\t<div class=\"elementor-element elementor-element-612515c elementor-widget elementor-widget-naturomegahover\" data-id=\"612515c\" data-element_type=\"widget\" data-widget_type=\"naturomegahover.default\">\n\t\t\t\t<div class=\"elementor-widget-container\">\n\t\t\t\t\t<div class=\"mega-img-box\"><div class=\"img-1\"><div class=\"mega-hover\"><img decoding=\"async\" src=\"https:\/\/xn--saumendi-e3a.com\/wp-content\/uploads\/2024\/12\/facebook_1735158628334_7277782775458143646.jpg\" alt=\"facebook_1735158628334_7277782775458143646\"  class=\"w-100\" \/><\/div><\/div><\/div>\t\t\t\t<\/div>\n\t\t\t\t<\/div>\n\t\t\t\t\t<\/div>\n\t\t<\/div>\n\t\t\t\t\t<\/div>\n\t\t<\/section>\n\t\t\t\t<section class=\"elementor-section elementor-inner-section elementor-element elementor-element-cb894ca elementor-section-boxed elementor-section-height-default elementor-section-height-default\" data-id=\"cb894ca\" data-element_type=\"section\">\n\t\t\t\t\t\t<div class=\"elementor-container elementor-column-gap-no\">\n\t\t\t\t\t<div class=\"elementor-column elementor-col-100 elementor-inner-column elementor-element elementor-element-6665601\" data-id=\"6665601\" data-element_type=\"column\">\n\t\t\t<div class=\"elementor-widget-wrap elementor-element-populated\">\n\t\t\t\t\t\t<div class=\"elementor-element elementor-element-5581626 elementor-widget elementor-widget-heading\" data-id=\"5581626\" data-element_type=\"widget\" data-widget_type=\"heading.default\">\n\t\t\t\t<div class=\"elementor-widget-container\">\n\t\t\t\t\t<h3 class=\"elementor-heading-title elementor-size-default\">Gen\u00e9tica excepcional<\/h3>\t\t\t\t<\/div>\n\t\t\t\t<\/div>\n\t\t\t\t<div class=\"elementor-element elementor-element-84a21f9 elementor-widget elementor-widget-text-editor\" data-id=\"84a21f9\" data-element_type=\"widget\" data-widget_type=\"text-editor.default\">\n\t\t\t\t<div class=\"elementor-widget-container\">\n\t\t\t\t\t\t\t\t\t<p>Con cada camada, transmite sus mejores rasgos, asegurando cachorros con una gen\u00e9tica excepcional, ideales para quienes buscan perros de alta calidad y distinci\u00f3n.<\/p>\t\t\t\t\t\t\t\t<\/div>\n\t\t\t\t<\/div>\n\t\t\t\t\t<\/div>\n\t\t<\/div>\n\t\t\t\t\t<\/div>\n\t\t<\/section>\n\t\t\t\t\t<\/div>\n\t\t<\/div>\n\t\t\t\t\t<\/div>\n\t\t<\/section>\n\t\t\t\t<\/div>\n\t\t","protected":false},"excerpt":{"rendered":"<p>Excelente reproductor Sa\u00f1u Mendi Haitz Joven setter ingl\u00e9s con gen\u00e9tica de calidad y gran proyecci\u00f3n. Muestra instinto, estilo y una prometedora evoluci\u00f3n en el campo. M\/H: Macho Fecha nacimiento: 14\/08\/2020 Link: Caracteristicas Este joven macho setter ingl\u00e9s comienza a destacar con fuerza por su actitud, temple y notable instinto cazador. Tiene una b\u00fasqueda amplia, ordenada&#8230;<\/p>\n","protected":false},"author":1,"featured_media":0,"parent":0,"menu_order":0,"comment_status":"closed","ping_status":"closed","template":"template-builder.php","meta":{"footnotes":""},"class_list":["post-5504","page","type-page","status-publish","hentry"],"_links":{"self":[{"href":"https:\/\/xn--saumendi-e3a.com\/index.php?rest_route=\/wp\/v2\/pages\/5504","targetHints":{"allow":["GET"]}}],"collection":[{"href":"https:\/\/xn--saumendi-e3a.com\/index.php?rest_route=\/wp\/v2\/pages"}],"about":[{"href":"https:\/\/xn--saumendi-e3a.com\/index.php?rest_route=\/wp\/v2\/types\/page"}],"author":[{"embeddable":true,"href":"https:\/\/xn--saumendi-e3a.com\/index.php?rest_route=\/wp\/v2\/users\/1"}],"replies":[{"embeddable":true,"href":"https:\/\/xn--saumendi-e3a.com\/index.php?rest_route=%2Fwp%2Fv2%2Fcomments&post=5504"}],"version-history":[{"count":4,"href":"https:\/\/xn--saumendi-e3a.com\/index.php?rest_route=\/wp\/v2\/pages\/5504\/revisions"}],"predecessor-version":[{"id":5508,"href":"https:\/\/xn--saumendi-e3a.com\/index.php?rest_route=\/wp\/v2\/pages\/5504\/revisions\/5508"}],"wp:attachment":[{"href":"https:\/\/xn--saumendi-e3a.com\/index.php?rest_route=%2Fwp%2Fv2%2Fmedia&parent=5504"}],"curies":[{"name":"wp","href":"https:\/\/api.w.org\/{rel}","templated":true}]}}