{"id":5465,"date":"2025-06-05T20:22:12","date_gmt":"2025-06-05T20:22:12","guid":{"rendered":"https:\/\/xn--saumendi-e3a.com\/?page_id=5465"},"modified":"2025-06-05T20:27:03","modified_gmt":"2025-06-05T20:27:03","slug":"sanu-mendi-kora","status":"publish","type":"page","link":"https:\/\/xn--saumendi-e3a.com\/?page_id=5465","title":{"rendered":"Sa\u00f1u Mendi Kora"},"content":{"rendered":"\t\t<div data-elementor-type=\"wp-page\" data-elementor-id=\"5465\" class=\"elementor elementor-5465\">\n\t\t\t\t\t\t<section class=\"elementor-section elementor-top-section elementor-element elementor-element-e81bee6 elementor-section-full_width elementor-section-height-default elementor-section-height-default\" data-id=\"e81bee6\" data-element_type=\"section\">\n\t\t\t\t\t\t<div class=\"elementor-container elementor-column-gap-no\">\n\t\t\t\t\t<div class=\"elementor-column elementor-col-100 elementor-top-column elementor-element elementor-element-14c63c2\" data-id=\"14c63c2\" data-element_type=\"column\">\n\t\t\t<div class=\"elementor-widget-wrap elementor-element-populated\">\n\t\t\t\t\t\t<section class=\"elementor-section elementor-inner-section elementor-element elementor-element-12212f0 elementor-section-full_width elementor-section-height-default elementor-section-height-default\" data-id=\"12212f0\" data-element_type=\"section\">\n\t\t\t\t\t\t<div class=\"elementor-container elementor-column-gap-no\">\n\t\t\t\t\t<div class=\"elementor-column elementor-col-100 elementor-inner-column elementor-element elementor-element-79479af\" data-id=\"79479af\" data-element_type=\"column\">\n\t\t\t<div class=\"elementor-widget-wrap elementor-element-populated\">\n\t\t\t\t\t\t<div class=\"elementor-element elementor-element-4326ef4 elementor-widget elementor-widget-naturoteammemberinfo\" data-id=\"4326ef4\" data-element_type=\"widget\" data-widget_type=\"naturoteammemberinfo.default\">\n\t\t\t\t<div class=\"elementor-widget-container\">\n\t\t\t\t\t<!-----------------------Start Team Member Info Area-----------------------><section class=\"vs-team-wrapper team-details\"><div class=\"container\"><div class=\"row gx-0 mb-5 align-items-center\"><div class=\"col-lg-5\"><div class=\"team-img\"><img decoding=\"async\" src=\"https:\/\/xn--saumendi-e3a.com\/wp-content\/uploads\/2025\/01\/Imagen-de-WhatsApp-2025-01-09-a-las-18.52.19_8987b6f5.jpg\" alt=\"Imagen de WhatsApp 2025 01 09 a las 18.52.19_8987b6f5\"  class=\"w-100\" \/><\/div><\/div><div class=\"col-lg-7\"><div class=\"team-info\"><span class=\"degi text-theme\">Excelente reproductor<\/span><h2 class=\"name mb-3\">Sa\u00f1u Mendi Kora<\/h2><p class=\"desc fs-md\">Kora es una setter ingl\u00e9s fina y precisa, especialista en codornices dif\u00edciles y becadas. Su instinto y determinaci\u00f3n la hacen \u00fanica en el monte.<\/p><div class=\"row\"><div class=\"col-md-7 col-lg-9 col-xxl-8\"><table class=\"team-info-table mt-sm-2\"><tbody><tr><td><i class=\"fa fa-mars-stroke\"><\/i><strong>M\/H:<\/strong><\/td><td>Hembra<\/td><\/tr><tr><td><i class=\"fa fa-birthday-cake\"><\/i><strong>Fecha nacimiento:<\/strong><\/td><td>16\/06\/2021<\/td><\/tr><\/tbody><\/table><\/div><\/div><div class=\"team-socials\"><h3 class=\"h6 title\">Link:<\/h3><div class=\"vs-social-group\"><a href=\"https:\/\/pedigree.setter-anglais.fr\/genealogie\/arbre.php?id=244417&#038;fn=pedigree&#038;rq=KORA+SA%C3%91U+MENDI\"><svg aria-hidden=\"true\" class=\"e-font-icon-svg e-fab-google-play\" viewBox=\"0 0 512 512\" xmlns=\"http:\/\/www.w3.org\/2000\/svg\"><path d=\"M325.3 234.3L104.6 13l280.8 161.2-60.1 60.1zM47 0C34 6.8 25.3 19.2 25.3 35.3v441.3c0 16.1 8.7 28.5 21.7 35.3l256.6-256L47 0zm425.2 225.6l-58.9-34.1-65.7 64.5 65.7 64.5 60.1-34.1c18-14.3 18-46.5-1.2-60.8zM104.6 499l280.8-161.2-60.1-60.1L104.6 499z\"><\/path><\/svg><\/a><\/div><\/div><\/div><\/div><\/div><\/div><\/section><!-----------------------End Team Member Info Area----------------------->\t\t\t\t<\/div>\n\t\t\t\t<\/div>\n\t\t\t\t\t<\/div>\n\t\t<\/div>\n\t\t\t\t\t<\/div>\n\t\t<\/section>\n\t\t\t\t<section class=\"elementor-section elementor-inner-section elementor-element elementor-element-f600dd0 elementor-section-boxed elementor-section-height-default elementor-section-height-default\" data-id=\"f600dd0\" data-element_type=\"section\">\n\t\t\t\t\t\t<div class=\"elementor-container elementor-column-gap-no\">\n\t\t\t\t\t<div class=\"elementor-column elementor-col-100 elementor-inner-column elementor-element elementor-element-542cf61\" data-id=\"542cf61\" data-element_type=\"column\">\n\t\t\t<div class=\"elementor-widget-wrap elementor-element-populated\">\n\t\t\t\t\t\t<div class=\"elementor-element elementor-element-e109bde border-title2 elementor-widget elementor-widget-heading\" data-id=\"e109bde\" data-element_type=\"widget\" data-widget_type=\"heading.default\">\n\t\t\t\t<div class=\"elementor-widget-container\">\n\t\t\t\t\t<h2 class=\"elementor-heading-title elementor-size-default\">Caracteristicas<\/h2>\t\t\t\t<\/div>\n\t\t\t\t<\/div>\n\t\t\t\t<div class=\"elementor-element elementor-element-81e520b elementor-widget elementor-widget-text-editor\" data-id=\"81e520b\" data-element_type=\"widget\" data-widget_type=\"text-editor.default\">\n\t\t\t\t<div class=\"elementor-widget-container\">\n\t\t\t\t\t\t\t\t\t<p data-start=\"301\" data-end=\"637\">Kora es una hembra setter ingl\u00e9s con un talento natural extraordinario para la caza de codornices, incluso en las situaciones m\u00e1s complejas. Su olfato agudo y su enfoque meticuloso le permiten detectar piezas que otros perros pasan por alto. Se mueve con suavidad y decisi\u00f3n, adapt\u00e1ndose perfectamente a terrenos cerrados o dif\u00edciles.<\/p><p data-start=\"639\" data-end=\"931\">Destaca especialmente en la caza de becadas, donde combina inteligencia, paciencia y firmeza en la muestra. Su estilo elegante no sacrifica eficacia: cada b\u00fasqueda es precisa, cada parada tiene sentido. Tiene un car\u00e1cter noble y una gran conexi\u00f3n con el cazador, obediente y atenta siempre.<\/p><p data-start=\"933\" data-end=\"1011\">Es una perra trabajadora, apasionada y constante, que nunca se da por vencida.<\/p>\t\t\t\t\t\t\t\t<\/div>\n\t\t\t\t<\/div>\n\t\t\t\t\t<\/div>\n\t\t<\/div>\n\t\t\t\t\t<\/div>\n\t\t<\/section>\n\t\t\t\t<section class=\"elementor-section elementor-inner-section elementor-element elementor-element-e4f048f elementor-section-boxed elementor-section-height-default elementor-section-height-default\" data-id=\"e4f048f\" data-element_type=\"section\">\n\t\t\t\t\t\t<div class=\"elementor-container elementor-column-gap-no\">\n\t\t\t\t\t<div class=\"elementor-column elementor-col-33 elementor-inner-column elementor-element elementor-element-e1172a3\" data-id=\"e1172a3\" data-element_type=\"column\">\n\t\t\t<div class=\"elementor-widget-wrap elementor-element-populated\">\n\t\t\t\t\t\t<div class=\"elementor-element elementor-element-d0d4b82 elementor-widget elementor-widget-text-editor\" data-id=\"d0d4b82\" data-element_type=\"widget\" data-widget_type=\"text-editor.default\">\n\t\t\t\t<div class=\"elementor-widget-container\">\n\t\t\t\t\t\t\t\t\t<div class=\"list-style2\"><ul><li data-start=\"1060\" data-end=\"1107\"><p data-start=\"1063\" data-end=\"1107\"><strong data-start=\"1063\" data-end=\"1105\">Especialista en codornices imposibles.<\/strong><\/p><\/li><li data-start=\"1108\" data-end=\"1153\"><p data-start=\"1111\" data-end=\"1153\"><strong data-start=\"1111\" data-end=\"1151\">Gran eficacia en la caza de becadas.<\/strong><\/p><\/li><li data-start=\"1154\" data-end=\"1195\"><p data-start=\"1157\" data-end=\"1195\"><strong data-start=\"1157\" data-end=\"1193\">Olfato agudo y b\u00fasqueda precisa.<\/strong><\/p><\/li><li data-start=\"1196\" data-end=\"1234\"><p data-start=\"1199\" data-end=\"1234\"><strong data-start=\"1199\" data-end=\"1232\">Estilo elegante y controlado.<\/strong><\/p><\/li><li data-start=\"1235\" data-end=\"1288\"><p data-start=\"1238\" data-end=\"1288\"><strong data-start=\"1238\" data-end=\"1288\">Comprometida, obediente y firme en la muestra<\/strong><\/p><\/li><\/ul><\/div>\t\t\t\t\t\t\t\t<\/div>\n\t\t\t\t<\/div>\n\t\t\t\t\t<\/div>\n\t\t<\/div>\n\t\t\t\t<div class=\"elementor-column elementor-col-33 elementor-inner-column elementor-element elementor-element-a338eb6\" data-id=\"a338eb6\" data-element_type=\"column\">\n\t\t\t<div class=\"elementor-widget-wrap\">\n\t\t\t\t\t\t\t<\/div>\n\t\t<\/div>\n\t\t\t\t<div class=\"elementor-column elementor-col-33 elementor-inner-column elementor-element elementor-element-2e48250\" data-id=\"2e48250\" data-element_type=\"column\">\n\t\t\t<div class=\"elementor-widget-wrap\">\n\t\t\t\t\t\t\t<\/div>\n\t\t<\/div>\n\t\t\t\t\t<\/div>\n\t\t<\/section>\n\t\t\t\t<section class=\"elementor-section elementor-inner-section elementor-element elementor-element-f22be2d elementor-section-boxed elementor-section-height-default elementor-section-height-default\" data-id=\"f22be2d\" data-element_type=\"section\">\n\t\t\t\t\t\t<div class=\"elementor-container elementor-column-gap-no\">\n\t\t\t\t\t<div class=\"elementor-column elementor-col-100 elementor-inner-column elementor-element elementor-element-9299420\" data-id=\"9299420\" data-element_type=\"column\">\n\t\t\t<div class=\"elementor-widget-wrap elementor-element-populated\">\n\t\t\t\t\t\t<div class=\"elementor-element elementor-element-53a60e6 elementor-widget elementor-widget-text-editor\" data-id=\"53a60e6\" data-element_type=\"widget\" data-widget_type=\"text-editor.default\">\n\t\t\t\t<div class=\"elementor-widget-container\">\n\t\t\t\t\t\t\t\t\t<p>Kora no solo encuentra lo que otros no ven, lo hace con elegancia y alma de verdadera cazadora.<\/p>\t\t\t\t\t\t\t\t<\/div>\n\t\t\t\t<\/div>\n\t\t\t\t\t<\/div>\n\t\t<\/div>\n\t\t\t\t\t<\/div>\n\t\t<\/section>\n\t\t\t\t<section class=\"elementor-section elementor-inner-section elementor-element elementor-element-a590fca elementor-section-boxed elementor-section-height-default elementor-section-height-default\" data-id=\"a590fca\" data-element_type=\"section\">\n\t\t\t\t\t\t<div class=\"elementor-container elementor-column-gap-no\">\n\t\t\t\t\t<div class=\"elementor-column elementor-col-33 elementor-inner-column elementor-element elementor-element-e5f3f15\" data-id=\"e5f3f15\" data-element_type=\"column\">\n\t\t\t<div class=\"elementor-widget-wrap elementor-element-populated\">\n\t\t\t\t\t\t<div class=\"elementor-element elementor-element-d7472f9 elementor-widget elementor-widget-naturomegahover\" data-id=\"d7472f9\" data-element_type=\"widget\" data-widget_type=\"naturomegahover.default\">\n\t\t\t\t<div class=\"elementor-widget-container\">\n\t\t\t\t\t<div class=\"mega-img-box\"><div class=\"img-1\"><div class=\"mega-hover\"><img decoding=\"async\" src=\"https:\/\/xn--saumendi-e3a.com\/wp-content\/uploads\/2025\/01\/Imagen-de-WhatsApp-2025-01-09-a-las-18.52.19_8987b6f5.jpg\" alt=\"Imagen de WhatsApp 2025 01 09 a las 18.52.19_8987b6f5\"  class=\"w-100\" \/><\/div><\/div><\/div>\t\t\t\t<\/div>\n\t\t\t\t<\/div>\n\t\t\t\t\t<\/div>\n\t\t<\/div>\n\t\t\t\t<div class=\"elementor-column elementor-col-33 elementor-inner-column elementor-element elementor-element-4a80398\" data-id=\"4a80398\" data-element_type=\"column\">\n\t\t\t<div class=\"elementor-widget-wrap elementor-element-populated\">\n\t\t\t\t\t\t<div class=\"elementor-element elementor-element-d2333af elementor-widget elementor-widget-naturomegahover\" data-id=\"d2333af\" data-element_type=\"widget\" data-widget_type=\"naturomegahover.default\">\n\t\t\t\t<div class=\"elementor-widget-container\">\n\t\t\t\t\t<div class=\"mega-img-box\"><div class=\"img-1\"><div class=\"mega-hover\"><img decoding=\"async\" src=\"https:\/\/xn--saumendi-e3a.com\/wp-content\/uploads\/2025\/01\/Imagen-de-WhatsApp-2025-01-09-a-las-18.52.19_8987b6f5.jpg\" alt=\"Imagen de WhatsApp 2025 01 09 a las 18.52.19_8987b6f5\"  class=\"w-100\" \/><\/div><\/div><\/div>\t\t\t\t<\/div>\n\t\t\t\t<\/div>\n\t\t\t\t\t<\/div>\n\t\t<\/div>\n\t\t\t\t<div class=\"elementor-column elementor-col-33 elementor-inner-column elementor-element elementor-element-d1221ee\" data-id=\"d1221ee\" data-element_type=\"column\">\n\t\t\t<div class=\"elementor-widget-wrap elementor-element-populated\">\n\t\t\t\t\t\t<div class=\"elementor-element elementor-element-612515c elementor-widget elementor-widget-naturomegahover\" data-id=\"612515c\" data-element_type=\"widget\" data-widget_type=\"naturomegahover.default\">\n\t\t\t\t<div class=\"elementor-widget-container\">\n\t\t\t\t\t<div class=\"mega-img-box\"><div class=\"img-1\"><div class=\"mega-hover\"><img decoding=\"async\" src=\"https:\/\/xn--saumendi-e3a.com\/wp-content\/uploads\/2025\/01\/Imagen-de-WhatsApp-2025-01-09-a-las-18.52.19_8987b6f5.jpg\" alt=\"Imagen de WhatsApp 2025 01 09 a las 18.52.19_8987b6f5\"  class=\"w-100\" \/><\/div><\/div><\/div>\t\t\t\t<\/div>\n\t\t\t\t<\/div>\n\t\t\t\t\t<\/div>\n\t\t<\/div>\n\t\t\t\t\t<\/div>\n\t\t<\/section>\n\t\t\t\t\t<\/div>\n\t\t<\/div>\n\t\t\t\t\t<\/div>\n\t\t<\/section>\n\t\t\t\t<\/div>\n\t\t","protected":false},"excerpt":{"rendered":"<p>Excelente reproductor Sa\u00f1u Mendi Kora Kora es una setter ingl\u00e9s fina y precisa, especialista en codornices dif\u00edciles y becadas. Su instinto y determinaci\u00f3n la hacen \u00fanica en el monte. M\/H: Hembra Fecha nacimiento: 16\/06\/2021 Link: Caracteristicas Kora es una hembra setter ingl\u00e9s con un talento natural extraordinario para la caza de codornices, incluso en las&#8230;<\/p>\n","protected":false},"author":1,"featured_media":0,"parent":0,"menu_order":0,"comment_status":"closed","ping_status":"closed","template":"template-builder.php","meta":{"footnotes":""},"class_list":["post-5465","page","type-page","status-publish","hentry"],"_links":{"self":[{"href":"https:\/\/xn--saumendi-e3a.com\/index.php?rest_route=\/wp\/v2\/pages\/5465","targetHints":{"allow":["GET"]}}],"collection":[{"href":"https:\/\/xn--saumendi-e3a.com\/index.php?rest_route=\/wp\/v2\/pages"}],"about":[{"href":"https:\/\/xn--saumendi-e3a.com\/index.php?rest_route=\/wp\/v2\/types\/page"}],"author":[{"embeddable":true,"href":"https:\/\/xn--saumendi-e3a.com\/index.php?rest_route=\/wp\/v2\/users\/1"}],"replies":[{"embeddable":true,"href":"https:\/\/xn--saumendi-e3a.com\/index.php?rest_route=%2Fwp%2Fv2%2Fcomments&post=5465"}],"version-history":[{"count":4,"href":"https:\/\/xn--saumendi-e3a.com\/index.php?rest_route=\/wp\/v2\/pages\/5465\/revisions"}],"predecessor-version":[{"id":5478,"href":"https:\/\/xn--saumendi-e3a.com\/index.php?rest_route=\/wp\/v2\/pages\/5465\/revisions\/5478"}],"wp:attachment":[{"href":"https:\/\/xn--saumendi-e3a.com\/index.php?rest_route=%2Fwp%2Fv2%2Fmedia&parent=5465"}],"curies":[{"name":"wp","href":"https:\/\/api.w.org\/{rel}","templated":true}]}}