{"id":5183,"date":"2025-01-13T20:35:38","date_gmt":"2025-01-13T20:35:38","guid":{"rendered":"https:\/\/xn--saumendi-e3a.com\/?page_id=5183"},"modified":"2025-06-05T21:19:10","modified_gmt":"2025-06-05T21:19:10","slug":"hembras","status":"publish","type":"page","link":"https:\/\/xn--saumendi-e3a.com\/?page_id=5183","title":{"rendered":"Hembras"},"content":{"rendered":"\t\t<div data-elementor-type=\"wp-page\" data-elementor-id=\"5183\" class=\"elementor elementor-5183\">\n\t\t\t\t\t\t<section class=\"elementor-section elementor-top-section elementor-element elementor-element-0483635 elementor-section-full_width elementor-section-height-default elementor-section-height-default\" data-id=\"0483635\" data-element_type=\"section\">\n\t\t\t\t\t\t<div class=\"elementor-container elementor-column-gap-no\">\n\t\t\t\t\t<div class=\"elementor-column elementor-col-100 elementor-top-column elementor-element elementor-element-afb6612\" data-id=\"afb6612\" data-element_type=\"column\">\n\t\t\t<div class=\"elementor-widget-wrap elementor-element-populated\">\n\t\t\t\t\t\t<div class=\"elementor-element elementor-element-8ed16c4 elementor-widget elementor-widget-naturoserviceslider\" data-id=\"8ed16c4\" data-element_type=\"widget\" data-widget_type=\"naturoserviceslider.default\">\n\t\t\t\t<div class=\"elementor-widget-container\">\n\t\t\t\t\t<!-----------------------Start Serivice Slider Area-----------------------><section class=\"vs-services\"><div class=\"container\"><div class=\"row\"><div class=\"col-lg-4 col-md-6 col-sm-6\"><div class=\"vs-services-box3 mb-40\"><div class=\"vs-services-thumb image-scale-hover text-center\"><img decoding=\"async\" src=\"https:\/\/xn--saumendi-e3a.com\/wp-content\/uploads\/2025\/06\/siba.jpg\" alt=\"siba\"  \/><\/div><div class=\"vs-services-content\"><h5 class=\"fs-20 fw-medium mb-3\"><a href=\"https:\/\/sa\u00f1umendi.com\/?page_id=5463\">Sa\u00f1u Mendi Siba<\/a><\/h5><\/div><\/div><\/div><div class=\"col-lg-4 col-md-6 col-sm-6\"><div class=\"vs-services-box3 mb-40\"><div class=\"vs-services-thumb image-scale-hover text-center\"><img decoding=\"async\" src=\"https:\/\/xn--saumendi-e3a.com\/wp-content\/uploads\/2025\/01\/Imagen-de-WhatsApp-2025-01-09-a-las-18.52.19_8987b6f5.jpg\" alt=\"Imagen de WhatsApp 2025 01 09 a las 18.52.19_8987b6f5\"  \/><\/div><div class=\"vs-services-content\"><h5 class=\"fs-20 fw-medium mb-3\"><a href=\"https:\/\/sa\u00f1umendi.com\/?page_id=5465\">Sa\u00f1u Mendi Kora<\/a><\/h5><\/div><\/div><\/div><div class=\"col-lg-4 col-md-6 col-sm-6\"><div class=\"vs-services-box3 mb-40\"><div class=\"vs-services-thumb image-scale-hover text-center\"><img decoding=\"async\" src=\"https:\/\/xn--saumendi-e3a.com\/wp-content\/uploads\/2025\/06\/facebook_1735158471109_7277782116007827518-1.jpg\" alt=\"facebook_1735158471109_7277782116007827518 1\"  \/><\/div><div class=\"vs-services-content\"><h5 class=\"fs-20 fw-medium mb-3\"><a href=\"https:\/\/sa\u00f1umendi.com\/?page_id=5467\">Dendaberri Valentina<\/a><\/h5><\/div><\/div><\/div><div class=\"col-lg-4 col-md-6 col-sm-6\"><div class=\"vs-services-box3 mb-40\"><div class=\"vs-services-thumb image-scale-hover text-center\"><img decoding=\"async\" src=\"https:\/\/xn--saumendi-e3a.com\/wp-content\/uploads\/2025\/01\/Imagen-de-WhatsApp-2025-01-09-a-las-19.04.46_82303f50.jpg\" alt=\"Imagen de WhatsApp 2025 01 09 a las 19.04.46_82303f50\"  \/><\/div><div class=\"vs-services-content\"><h5 class=\"fs-20 fw-medium mb-3\"><a href=\"https:\/\/sa\u00f1umendi.com\/?page_id=5469\">Sa\u00f1u Mendi Neska<\/a><\/h5><\/div><\/div><\/div><div class=\"col-lg-4 col-md-6 col-sm-6\"><div class=\"vs-services-box3 mb-40\"><div class=\"vs-services-thumb image-scale-hover text-center\"><img decoding=\"async\" src=\"https:\/\/xn--saumendi-e3a.com\/wp-content\/uploads\/2025\/01\/Imagen-de-WhatsApp-2025-01-09-a-las-19.04.44_dd002616.jpg\" alt=\"Imagen de WhatsApp 2025 01 09 a las 19.04.44_dd002616\"  \/><\/div><div class=\"vs-services-content\"><h5 class=\"fs-20 fw-medium mb-3\"><a href=\"https:\/\/sa\u00f1umendi.com\/?page_id=5471\">Hiedra del Alto Pas<\/a><\/h5><\/div><\/div><\/div><div class=\"col-lg-4 col-md-6 col-sm-6\"><div class=\"vs-services-box3 mb-40\"><div class=\"vs-services-thumb image-scale-hover text-center\"><img decoding=\"async\" src=\"https:\/\/xn--saumendi-e3a.com\/wp-content\/uploads\/2025\/01\/Imagen-de-WhatsApp-2025-01-10-a-las-18.42.07_72657590.jpg\" alt=\"Imagen de WhatsApp 2025 01 10 a las 18.42.07_72657590\"  \/><\/div><div class=\"vs-services-content\"><h5 class=\"fs-20 fw-medium mb-3\"><a href=\"https:\/\/sa\u00f1umendi.com\/?page_id=5360\">Sa\u00f1u Mendi Luma<\/a><\/h5><\/div><\/div><\/div><\/div><\/div><\/section>\t\t\t\t<\/div>\n\t\t\t\t<\/div>\n\t\t\t\t\t<\/div>\n\t\t<\/div>\n\t\t\t\t\t<\/div>\n\t\t<\/section>\n\t\t\t\t<section class=\"elementor-section elementor-top-section elementor-element elementor-element-80d9fe8 elementor-section-full_width elementor-section-height-default elementor-section-height-default\" data-id=\"80d9fe8\" data-element_type=\"section\" data-settings=\"{&quot;background_background&quot;:&quot;classic&quot;}\">\n\t\t\t\t\t\t<div class=\"elementor-container elementor-column-gap-no\">\n\t\t\t\t\t<div class=\"elementor-column elementor-col-100 elementor-top-column elementor-element elementor-element-1a53103\" data-id=\"1a53103\" data-element_type=\"column\">\n\t\t\t<div class=\"elementor-widget-wrap elementor-element-populated\">\n\t\t\t\t\t\t<section class=\"elementor-section elementor-inner-section elementor-element elementor-element-b6e3001 elementor-section-boxed elementor-section-height-default elementor-section-height-default\" data-id=\"b6e3001\" data-element_type=\"section\">\n\t\t\t\t\t\t<div class=\"elementor-container elementor-column-gap-no\">\n\t\t\t\t\t<div class=\"elementor-column elementor-col-100 elementor-inner-column elementor-element elementor-element-c4451a9\" data-id=\"c4451a9\" data-element_type=\"column\">\n\t\t\t<div class=\"elementor-widget-wrap elementor-element-populated\">\n\t\t\t\t\t\t<div class=\"elementor-element elementor-element-c539d89 elementor-widget elementor-widget-naturosectiontitle\" data-id=\"c539d89\" data-element_type=\"widget\" data-widget_type=\"naturosectiontitle.default\">\n\t\t\t\t<div class=\"elementor-widget-container\">\n\t\t\t\t\t<div class=\"section-title\" ><span class=\"sec-title1 subtitle-selector\">SELECCION<\/span><div class=\"sec_line\"><img decoding=\"async\" src=\"https:\/\/wordpress.vecurosoft.com\/huntar\/wp-content\/uploads\/2021\/11\/about-line-1.png\" alt=\"about line 1\"  class=\"mb-4\" \/><\/div><h2 class=\"sec-title2 text-title2 mt-1 title-selector\">Mejores hembras setter ingles<\/h2><\/div>\t\t\t\t<\/div>\n\t\t\t\t<\/div>\n\t\t\t\t\t<\/div>\n\t\t<\/div>\n\t\t\t\t\t<\/div>\n\t\t<\/section>\n\t\t\t\t<section class=\"elementor-section elementor-inner-section elementor-element elementor-element-23ef99b elementor-section-boxed elementor-section-height-default elementor-section-height-default\" data-id=\"23ef99b\" data-element_type=\"section\">\n\t\t\t\t\t\t<div class=\"elementor-container elementor-column-gap-no\">\n\t\t\t\t\t<div class=\"elementor-column elementor-col-100 elementor-inner-column elementor-element elementor-element-1804eac\" data-id=\"1804eac\" data-element_type=\"column\">\n\t\t\t<div class=\"elementor-widget-wrap elementor-element-populated\">\n\t\t\t\t\t\t<div class=\"elementor-element elementor-element-2b9e108 elementor-widget elementor-widget-naturofeatures\" data-id=\"2b9e108\" data-element_type=\"widget\" data-widget_type=\"naturofeatures.default\">\n\t\t\t\t<div class=\"elementor-widget-container\">\n\t\t\t\t\t<!------------------------------- Features Area start -------------------------------><div class=\"vs-how-we-work-wrapper\"><div class=\"container\"><div class=\"row\"><div class=\"col-lg-5 col-md-6\"><div class=\"feature-box overflow-hidden mb-30\"><div class=\"feature-icon float-sm-start\"><i class=\"flaticon-certificate-with-medal\"><\/i><\/div><div class=\"feature-content\"><h5 class=\"semi-title fw-medium mb-10\"><a href=\"#\">Gen\u00e9tica de Excelencia<\/a><\/h5><p class=\"text-body2 fw-light mb-lg-10\">Seleccionamos hembras con l\u00edneas gen\u00e9ticas destacadas, enfoc\u00e1ndonos en aquellas que han demostrado consistencia en transmitir caracter\u00edsticas f\u00edsicas y habilidades superiores, ideales para la caza.<\/p><\/div><\/div><\/div><div class=\"col-lg-5 col-md-6\"><div class=\"feature-box overflow-hidden mb-30\"><div class=\"feature-icon float-sm-start\"><i class=\"flaticon-check-mark-square-button\"><\/i><\/div><div class=\"feature-content\"><h5 class=\"semi-title fw-medium mb-10\"><a href=\"#\">Salud \u00d3ptima y Longevidad<\/a><\/h5><p class=\"text-body2 fw-light mb-lg-10\">Realizamos evaluaciones veterinarias exhaustivas para garantizar que nuestras hembras est\u00e9n libres de enfermedades hereditarias y cuenten con una salud robusta. Esto asegura una descendencia fuerte y saludable.\n<\/p><\/div><\/div><\/div><div class=\"col-lg-5 col-md-6\"><div class=\"feature-box overflow-hidden mb-30\"><div class=\"feature-icon float-sm-start\"><i class=\"flaticon-bullet-point-list\"><\/i><\/div><div class=\"feature-content\"><h5 class=\"semi-title fw-medium mb-10\"><a href=\"#\">Instinto Cazador y Aptitudes Naturales<\/a><\/h5><p class=\"text-body2 fw-light mb-lg-10\">Priorizamos hembras con instintos de caza bien desarrollados, un olfato excepcional y habilidades de rastreo refinadas, cualidades esenciales que deseamos perpetuar en nuestra l\u00ednea de Setter Ingl\u00e9s.\n\n<\/p><\/div><\/div><\/div><div class=\"col-lg-5 col-md-6\"><div class=\"feature-box overflow-hidden mb-30\"><div class=\"feature-icon float-sm-start\"><i class=\"flaticon-scale-of-justice\"><\/i><\/div><div class=\"feature-content\"><h5 class=\"semi-title fw-medium mb-10\"><a href=\"#\">Temperamento Equilibrado y Sociabilidad<\/a><\/h5><p class=\"text-body2 fw-light mb-lg-10\">Un buen perro de caza no solo debe ser eficaz en el campo, sino tambi\u00e9n ser un compa\u00f1ero confiable y manejable. Nuestras hembras son seleccionadas por su car\u00e1cter equilibrado, combinando docilidad, inteligencia y una actitud cooperativa.<\/p><\/div><\/div><\/div><\/div><\/div><\/div>\t\t\t\t<\/div>\n\t\t\t\t<\/div>\n\t\t\t\t\t<\/div>\n\t\t<\/div>\n\t\t\t\t\t<\/div>\n\t\t<\/section>\n\t\t\t\t\t<\/div>\n\t\t<\/div>\n\t\t\t\t\t<\/div>\n\t\t<\/section>\n\t\t\t\t<\/div>\n\t\t","protected":false},"excerpt":{"rendered":"<p>Sa\u00f1u Mendi Siba Sa\u00f1u Mendi Kora Dendaberri Valentina Sa\u00f1u Mendi Neska Hiedra del Alto Pas Sa\u00f1u Mendi Luma SELECCION Mejores hembras setter ingles Gen\u00e9tica de Excelencia Seleccionamos hembras con l\u00edneas gen\u00e9ticas destacadas, enfoc\u00e1ndonos en aquellas que han demostrado consistencia en transmitir caracter\u00edsticas f\u00edsicas y habilidades superiores, ideales para la caza. Salud \u00d3ptima y Longevidad Realizamos&#8230;<\/p>\n","protected":false},"author":1,"featured_media":0,"parent":0,"menu_order":0,"comment_status":"closed","ping_status":"closed","template":"template-builder.php","meta":{"footnotes":""},"class_list":["post-5183","page","type-page","status-publish","hentry"],"_links":{"self":[{"href":"https:\/\/xn--saumendi-e3a.com\/index.php?rest_route=\/wp\/v2\/pages\/5183","targetHints":{"allow":["GET"]}}],"collection":[{"href":"https:\/\/xn--saumendi-e3a.com\/index.php?rest_route=\/wp\/v2\/pages"}],"about":[{"href":"https:\/\/xn--saumendi-e3a.com\/index.php?rest_route=\/wp\/v2\/types\/page"}],"author":[{"embeddable":true,"href":"https:\/\/xn--saumendi-e3a.com\/index.php?rest_route=\/wp\/v2\/users\/1"}],"replies":[{"embeddable":true,"href":"https:\/\/xn--saumendi-e3a.com\/index.php?rest_route=%2Fwp%2Fv2%2Fcomments&post=5183"}],"version-history":[{"count":46,"href":"https:\/\/xn--saumendi-e3a.com\/index.php?rest_route=\/wp\/v2\/pages\/5183\/revisions"}],"predecessor-version":[{"id":5497,"href":"https:\/\/xn--saumendi-e3a.com\/index.php?rest_route=\/wp\/v2\/pages\/5183\/revisions\/5497"}],"wp:attachment":[{"href":"https:\/\/xn--saumendi-e3a.com\/index.php?rest_route=%2Fwp%2Fv2%2Fmedia&parent=5183"}],"curies":[{"name":"wp","href":"https:\/\/api.w.org\/{rel}","templated":true}]}}