{"id":5181,"date":"2025-01-13T20:35:08","date_gmt":"2025-01-13T20:35:08","guid":{"rendered":"https:\/\/xn--saumendi-e3a.com\/?page_id=5181"},"modified":"2025-06-05T21:40:17","modified_gmt":"2025-06-05T21:40:17","slug":"machos","status":"publish","type":"page","link":"https:\/\/xn--saumendi-e3a.com\/?page_id=5181","title":{"rendered":"Machos"},"content":{"rendered":"\t\t<div data-elementor-type=\"wp-page\" data-elementor-id=\"5181\" class=\"elementor elementor-5181\">\n\t\t\t\t\t\t<section class=\"elementor-section elementor-top-section elementor-element elementor-element-0483635 elementor-section-full_width elementor-section-height-default elementor-section-height-default\" data-id=\"0483635\" data-element_type=\"section\">\n\t\t\t\t\t\t<div class=\"elementor-container elementor-column-gap-no\">\n\t\t\t\t\t<div class=\"elementor-column elementor-col-100 elementor-top-column elementor-element elementor-element-afb6612\" data-id=\"afb6612\" data-element_type=\"column\">\n\t\t\t<div class=\"elementor-widget-wrap elementor-element-populated\">\n\t\t\t\t\t\t<div class=\"elementor-element elementor-element-8ed16c4 elementor-widget elementor-widget-naturoserviceslider\" data-id=\"8ed16c4\" data-element_type=\"widget\" data-widget_type=\"naturoserviceslider.default\">\n\t\t\t\t<div class=\"elementor-widget-container\">\n\t\t\t\t\t<!-----------------------Start Serivice Slider Area-----------------------><section class=\"vs-services\"><div class=\"container\"><div class=\"row\"><div class=\"col-lg-4 col-md-6 col-sm-6\"><div class=\"vs-services-box3 mb-40\"><div class=\"vs-services-thumb image-scale-hover text-center\"><img decoding=\"async\" src=\"https:\/\/xn--saumendi-e3a.com\/wp-content\/uploads\/2024\/12\/facebook_1735158628334_7277782775458143646.jpg\" alt=\"facebook_1735158628334_7277782775458143646\"  \/><\/div><div class=\"vs-services-content\"><h5 class=\"fs-20 fw-medium mb-3\"><a href=\"https:\/\/sa\u00f1umendi.com\/?page_id=5294\">Sa\u00f1u Mendi Cui<\/a><\/h5><\/div><\/div><\/div><div class=\"col-lg-4 col-md-6 col-sm-6\"><div class=\"vs-services-box3 mb-40\"><div class=\"vs-services-thumb image-scale-hover text-center\"><img decoding=\"async\" src=\"https:\/\/xn--saumendi-e3a.com\/wp-content\/uploads\/2025\/01\/kaiser.jpeg\" alt=\"kaiser\"  \/><\/div><div class=\"vs-services-content\"><h5 class=\"fs-20 fw-medium mb-3\"><a href=\"https:\/\/sa\u00f1umendi.com\/?page_id=5498\">Sa\u00f1u Mendi Kaiser<\/a><\/h5><\/div><\/div><\/div><div class=\"col-lg-4 col-md-6 col-sm-6\"><div class=\"vs-services-box3 mb-40\"><div class=\"vs-services-thumb image-scale-hover text-center\"><img decoding=\"async\" src=\"https:\/\/xn--saumendi-e3a.com\/wp-content\/uploads\/2025\/01\/haitz.jpeg\" alt=\"haitz\"  \/><\/div><div class=\"vs-services-content\"><h5 class=\"fs-20 fw-medium mb-3\"><a href=\"https:\/\/sa\u00f1umendi.com\/?page_id=5504\">Sa\u00f1u Mendi Haitz<\/a><\/h5><\/div><\/div><\/div><\/div><\/div><\/section>\t\t\t\t<\/div>\n\t\t\t\t<\/div>\n\t\t\t\t\t<\/div>\n\t\t<\/div>\n\t\t\t\t\t<\/div>\n\t\t<\/section>\n\t\t\t\t<section class=\"elementor-section elementor-top-section elementor-element elementor-element-80d9fe8 elementor-section-full_width elementor-section-height-default elementor-section-height-default\" data-id=\"80d9fe8\" data-element_type=\"section\" data-settings=\"{&quot;background_background&quot;:&quot;classic&quot;}\">\n\t\t\t\t\t\t<div class=\"elementor-container elementor-column-gap-no\">\n\t\t\t\t\t<div class=\"elementor-column elementor-col-100 elementor-top-column elementor-element elementor-element-1a53103\" data-id=\"1a53103\" data-element_type=\"column\">\n\t\t\t<div class=\"elementor-widget-wrap elementor-element-populated\">\n\t\t\t\t\t\t<section class=\"elementor-section elementor-inner-section elementor-element elementor-element-b6e3001 elementor-section-boxed elementor-section-height-default elementor-section-height-default\" data-id=\"b6e3001\" data-element_type=\"section\">\n\t\t\t\t\t\t<div class=\"elementor-container elementor-column-gap-no\">\n\t\t\t\t\t<div class=\"elementor-column elementor-col-100 elementor-inner-column elementor-element elementor-element-c4451a9\" data-id=\"c4451a9\" data-element_type=\"column\">\n\t\t\t<div class=\"elementor-widget-wrap elementor-element-populated\">\n\t\t\t\t\t\t<div class=\"elementor-element elementor-element-c539d89 elementor-widget elementor-widget-naturosectiontitle\" data-id=\"c539d89\" data-element_type=\"widget\" data-widget_type=\"naturosectiontitle.default\">\n\t\t\t\t<div class=\"elementor-widget-container\">\n\t\t\t\t\t<div class=\"section-title\" ><span class=\"sec-title1 subtitle-selector\">Excelentes<\/span><div class=\"sec_line\"><img decoding=\"async\" src=\"https:\/\/wordpress.vecurosoft.com\/huntar\/wp-content\/uploads\/2021\/11\/about-line-1.png\" alt=\"about line 1\"  class=\"mb-4\" \/><\/div><h2 class=\"sec-title2 text-title2 mt-1 title-selector\">Reproductores<\/h2><\/div>\t\t\t\t<\/div>\n\t\t\t\t<\/div>\n\t\t\t\t\t<\/div>\n\t\t<\/div>\n\t\t\t\t\t<\/div>\n\t\t<\/section>\n\t\t\t\t<section class=\"elementor-section elementor-inner-section elementor-element elementor-element-23ef99b elementor-section-boxed elementor-section-height-default elementor-section-height-default\" data-id=\"23ef99b\" data-element_type=\"section\">\n\t\t\t\t\t\t<div class=\"elementor-container elementor-column-gap-no\">\n\t\t\t\t\t<div class=\"elementor-column elementor-col-100 elementor-inner-column elementor-element elementor-element-1804eac\" data-id=\"1804eac\" data-element_type=\"column\">\n\t\t\t<div class=\"elementor-widget-wrap elementor-element-populated\">\n\t\t\t\t\t\t<div class=\"elementor-element elementor-element-2b9e108 elementor-widget elementor-widget-naturofeatures\" data-id=\"2b9e108\" data-element_type=\"widget\" data-widget_type=\"naturofeatures.default\">\n\t\t\t\t<div class=\"elementor-widget-container\">\n\t\t\t\t\t<!------------------------------- Features Area start -------------------------------><div class=\"vs-how-we-work-wrapper\"><div class=\"container\"><div class=\"row\"><div class=\"col-lg-5 col-md-6\"><div class=\"feature-box overflow-hidden mb-30\"><div class=\"feature-icon float-sm-start\"><i class=\"flaticon-battery-full-thunder\"><\/i><\/div><div class=\"feature-content\"><h5 class=\"semi-title fw-medium mb-10\"><a href=\"#\">Resistencia y Gran Andadura<\/a><\/h5><p class=\"text-body2 fw-light mb-lg-10\">Nuestros machos reproductores destacan por su resistencia f\u00edsica y capacidad para cubrir grandes extensiones de terreno en la caza. Esto asegura que sus descendientes hereden la energ\u00eda y la habilidad necesarias para jornadas de caza prolongadas, siendo perros eficientes y \u00e1giles en cualquier tipo de terreno.<\/p><\/div><\/div><\/div><div class=\"col-lg-5 col-md-6\"><div class=\"feature-box overflow-hidden mb-30\"><div class=\"feature-icon float-sm-start\"><i class=\"flaticon-pointing-up-arrow\"><\/i><\/div><div class=\"feature-content\"><h5 class=\"semi-title fw-medium mb-10\"><a href=\"#\">Gen\u00e9tica de Alto Nivel<\/a><\/h5><p class=\"text-body2 fw-light mb-lg-10\">Cada macho seleccionado proviene de l\u00edneas gen\u00e9ticas cuidadosamente estudiadas, con ancestros reconocidos por sus cualidades excepcionales. Esto nos permite ofrecer descendencia con caracter\u00edsticas f\u00edsicas ideales, un excelente olfato y una predisposici\u00f3n natural para el trabajo en el campo.\n\n<\/p><\/div><\/div><\/div><div class=\"col-lg-5 col-md-6\"><div class=\"feature-box overflow-hidden mb-30\"><div class=\"feature-icon float-sm-start\"><i class=\"flaticon-zoom-glass\"><\/i><\/div><div class=\"feature-content\"><h5 class=\"semi-title fw-medium mb-10\"><a href=\"#\">Resultados Contrastados en el Campo<\/a><\/h5><p class=\"text-body2 fw-light mb-lg-10\">Los machos que elegimos como reproductores han demostrado su val\u00eda en situaciones reales de caza, obteniendo resultados consistentes en rastreo, muestra y trabajo en equipo. Esta experiencia pr\u00e1ctica asegura que sus cachorros posean no solo potencial, sino tambi\u00e9n capacidades probadas en acci\u00f3n.\n<\/p><\/div><\/div><\/div><\/div><\/div><\/div>\t\t\t\t<\/div>\n\t\t\t\t<\/div>\n\t\t\t\t\t<\/div>\n\t\t<\/div>\n\t\t\t\t\t<\/div>\n\t\t<\/section>\n\t\t\t\t\t<\/div>\n\t\t<\/div>\n\t\t\t\t\t<\/div>\n\t\t<\/section>\n\t\t\t\t<\/div>\n\t\t","protected":false},"excerpt":{"rendered":"<p>Sa\u00f1u Mendi Cui Sa\u00f1u Mendi Kaiser Sa\u00f1u Mendi Haitz Excelentes Reproductores Resistencia y Gran Andadura Nuestros machos reproductores destacan por su resistencia f\u00edsica y capacidad para cubrir grandes extensiones de terreno en la caza. Esto asegura que sus descendientes hereden la energ\u00eda y la habilidad necesarias para jornadas de caza prolongadas, siendo perros eficientes y&#8230;<\/p>\n","protected":false},"author":1,"featured_media":0,"parent":0,"menu_order":0,"comment_status":"closed","ping_status":"closed","template":"template-builder.php","meta":{"footnotes":""},"class_list":["post-5181","page","type-page","status-publish","hentry"],"_links":{"self":[{"href":"https:\/\/xn--saumendi-e3a.com\/index.php?rest_route=\/wp\/v2\/pages\/5181","targetHints":{"allow":["GET"]}}],"collection":[{"href":"https:\/\/xn--saumendi-e3a.com\/index.php?rest_route=\/wp\/v2\/pages"}],"about":[{"href":"https:\/\/xn--saumendi-e3a.com\/index.php?rest_route=\/wp\/v2\/types\/page"}],"author":[{"embeddable":true,"href":"https:\/\/xn--saumendi-e3a.com\/index.php?rest_route=\/wp\/v2\/users\/1"}],"replies":[{"embeddable":true,"href":"https:\/\/xn--saumendi-e3a.com\/index.php?rest_route=%2Fwp%2Fv2%2Fcomments&post=5181"}],"version-history":[{"count":25,"href":"https:\/\/xn--saumendi-e3a.com\/index.php?rest_route=\/wp\/v2\/pages\/5181\/revisions"}],"predecessor-version":[{"id":5511,"href":"https:\/\/xn--saumendi-e3a.com\/index.php?rest_route=\/wp\/v2\/pages\/5181\/revisions\/5511"}],"wp:attachment":[{"href":"https:\/\/xn--saumendi-e3a.com\/index.php?rest_route=%2Fwp%2Fv2%2Fmedia&parent=5181"}],"curies":[{"name":"wp","href":"https:\/\/api.w.org\/{rel}","templated":true}]}}